{"id":1084,"date":"2025-07-29T09:47:59","date_gmt":"2025-07-29T09:47:59","guid":{"rendered":"https:\/\/demo.casethemes.net\/clearpress\/?page_id=1084"},"modified":"2026-01-28T11:58:34","modified_gmt":"2026-01-28T11:58:34","slug":"hakkimizda","status":"publish","type":"page","link":"https:\/\/flansvanarekorcontasi.com\/en\/hakkimizda\/","title":{"rendered":"About Us"},"content":{"rendered":"<div data-elementor-type=\"wp-page\" data-elementor-id=\"1084\" class=\"elementor elementor-1084\">\n\t\t\t\t<div class=\"elementor-element elementor-element-c053234 e-flex e-con-boxed pxl-column-none pxl-row-scroll-none pxl-zoom-point-false pxl-section-overflow-visible pxl-section-fix-none pxl-full-content-with-space-none pxl-bg-color-none pxl-section-overlay-none e-con e-parent\" data-id=\"c053234\" data-element_type=\"container\" data-e-type=\"container\">\t\t\t<div class=\"e-con-inner\">\r\n\t\t<div class=\"elementor-element elementor-element-e648bb0 e-con-full e-flex pxl-column-none pxl-row-scroll-none pxl-zoom-point-false pxl-section-overflow-visible pxl-section-fix-none pxl-full-content-with-space-none pxl-bg-color-none pxl-section-overlay-none e-con e-child\" data-id=\"e648bb0\" data-element_type=\"container\" data-e-type=\"container\"><div class=\"elementor-element elementor-element-ccf1b18 e-con-full e-flex pxl-column-none pxl-row-scroll-none pxl-zoom-point-false pxl-section-overflow-visible pxl-section-fix-none pxl-full-content-with-space-none pxl-bg-color-none pxl-section-overlay-none e-con e-child\" data-id=\"ccf1b18\" data-element_type=\"container\" data-e-type=\"container\">\t\t<div class=\"elementor-element elementor-element-8d41d64 elementor-widget elementor-widget-image\" data-id=\"8d41d64\" data-element_type=\"widget\" data-e-type=\"widget\" data-widget_type=\"image.default\">\n\t\t\t\t\t\t\t\t\t\t\t\t\t\t\t<img fetchpriority=\"high\" decoding=\"async\" width=\"1024\" height=\"930\" src=\"https:\/\/flansvanarekorcontasi.com\/wp-content\/uploads\/2026\/01\/home-about-1024x930.jpg\" class=\"attachment-large size-large wp-image-12333\" alt=\"\" srcset=\"https:\/\/flansvanarekorcontasi.com\/wp-content\/uploads\/2026\/01\/home-about-1024x930.jpg 1024w, https:\/\/flansvanarekorcontasi.com\/wp-content\/uploads\/2026\/01\/home-about-300x272.jpg 300w, https:\/\/flansvanarekorcontasi.com\/wp-content\/uploads\/2026\/01\/home-about-768x697.jpg 768w, https:\/\/flansvanarekorcontasi.com\/wp-content\/uploads\/2026\/01\/home-about-13x12.jpg 13w, https:\/\/flansvanarekorcontasi.com\/wp-content\/uploads\/2026\/01\/home-about-782x710.jpg 782w, https:\/\/flansvanarekorcontasi.com\/wp-content\/uploads\/2026\/01\/home-about.jpg 1260w\" sizes=\"(max-width: 1024px) 100vw, 1024px\" \/>\t\t\t\t\t\t\t\t\t\t\t\t\t\t\t<\/div>\n\t\t\t\t<\/div>\r\n\t\t<div class=\"elementor-element elementor-element-582e59e e-con-full e-flex pxl-column-none pxl-row-scroll-none pxl-zoom-point-false pxl-section-overflow-visible pxl-section-fix-none pxl-full-content-with-space-none pxl-bg-color-none pxl-section-overlay-none e-con e-child\" data-id=\"582e59e\" data-element_type=\"container\" data-e-type=\"container\">\t\t<div class=\"elementor-element elementor-element-eb0e2f1 elementor-widget elementor-widget-pxl_text_editor\" data-id=\"eb0e2f1\" data-element_type=\"widget\" data-e-type=\"widget\" data-widget_type=\"pxl_text_editor.default\">\n\t\t\t\t<div class=\"elementor-widget-container\">\n\t\t\t\t\t<div class=\"pxl-text-editor highlight-gradient\">\n\t<div class=\"pxl-item--inner\" data-wow-delay=\"ms\">\n\t\t<p>B\u0130Z K\u0130M\u0130Z<\/p>\t\t\n\t<\/div>\n<\/div>\t\t\t\t<\/div>\n\t\t\t\t<\/div>\n\t\t\t\t<div class=\"elementor-element elementor-element-9b49965 elementor-widget elementor-widget-pxl_heading\" data-id=\"9b49965\" data-element_type=\"widget\" data-e-type=\"widget\" data-widget_type=\"pxl_heading.default\">\n\t\t\t\t<div class=\"elementor-widget-container\">\n\t\t\t\t\t\n<div id=\"pxl-pxl_heading-9b49965-7865\" class=\"pxl-heading px-sub-title-default-style\">\n\t<div class=\"pxl-heading--inner\">\n\t\t\n\t\t<h3 class=\"pxl-item--title style-default highlight-default pxl-split-text split-in-rotate\" data-wow-delay=\"ms\">\n\n\t\t\t<span class=\"pxl-heading--text\">\n\n\t\t\t\t\t\t\t\t\tQuality Materials and Service\t\n\t\t\t\t\t\n\n\t\t\t<\/span>\n\t\t<\/h3>\n\t\t\n\t<\/div>\n<\/div>\t\t\t\t<\/div>\n\t\t\t\t<\/div>\n\t\t\t\t<div class=\"elementor-element elementor-element-207a426 elementor-widget elementor-widget-pxl_text_editor\" data-id=\"207a426\" data-element_type=\"widget\" data-e-type=\"widget\" data-widget_type=\"pxl_text_editor.default\">\n\t\t\t\t<div class=\"elementor-widget-container\">\n\t\t\t\t\t<div class=\"pxl-text-editor highlight-gradient\">\n\t<div class=\"pxl-item--inner\" data-wow-delay=\"ms\">\n\t\t<div class=\"section_title wow fadeInUp2\" data-wow-delay=\".1s\"><p class=\"mb-0\"><span style=\"font-size: 16px\">Our company, established in 2010, imports and sells klingrit sheet products.<\/span><\/p><\/div><div class=\"wow fadeInUp2 text-justify\"><p>Since its establishment, it has been among the leading organizations in its sector in terms of reliability and quality, and has taken significant steps to advance both itself and the sector.<\/p><p>En \u00f6nemli vizyonumuz geli\u015fen ve uluslararas\u0131 alanda s\u00f6z sahibi olmaya \u00e7al\u0131\u015fan end\u00fcstriyel sekt\u00f6rlerde klingrit levha \u00fcr\u00fcnleri kullanarak \u00fcretim yapan m\u00fc\u015fterilerimize en son teknolojik malzemeleri tan\u0131tarak, uygulamalar\u0131n\u0131 sa\u011flamakt\u0131r. Bizim i\u00e7in en b\u00fcy\u00fck mutluluk, gen\u00e7, dinamik ve uzman kadromuzla m\u00fc\u015fterilerimizi kaliteli malzeme ve hizmetle bulu\u015fturmakt\u0131r.<\/p><\/div>\t\t\n\t<\/div>\n<\/div>\t\t\t\t<\/div>\n\t\t\t\t<\/div>\n\t\t\t\t<\/div>\r\n\t\t\t\t<\/div>\r\n\t\t\t\t\t<\/div>\r\n\t\t\t\t<\/div>\r\n\t\t<div class=\"elementor-element elementor-element-4d03a79 e-flex e-con-boxed pxl-column-none pxl-row-scroll-none pxl-zoom-point-false pxl-section-overflow-visible pxl-section-fix-none pxl-full-content-with-space-none pxl-bg-color-none pxl-section-overlay-none e-con e-parent\" data-id=\"4d03a79\" data-element_type=\"container\" data-e-type=\"container\">\t\t\t<div class=\"e-con-inner\">\r\n\t\t\t\t<div class=\"elementor-element elementor-element-71b121c elementor-widget elementor-widget-pxl_heading\" data-id=\"71b121c\" data-element_type=\"widget\" data-e-type=\"widget\" data-widget_type=\"pxl_heading.default\">\n\t\t\t\t<div class=\"elementor-widget-container\">\n\t\t\t\t\t\n<div id=\"pxl-pxl_heading-71b121c-1989\" class=\"pxl-heading px-sub-title-default-style\">\n\t<div class=\"pxl-heading--inner\">\n\t\t\n\t\t<h3 class=\"pxl-item--title style-default highlight-default pxl-split-text split-in-rotate\" data-wow-delay=\"ms\">\n\n\t\t\t<span class=\"pxl-heading--text\">\n\n\t\t\t\t\t\t\t\t\t\u0130\u015f Ortaklar\u0131m\u0131z\t\n\t\t\t\t\t\n\n\t\t\t<\/span>\n\t\t<\/h3>\n\t\t\n\t<\/div>\n<\/div>\t\t\t\t<\/div>\n\t\t\t\t<\/div>\n\t\t\t\t\t<\/div>\r\n\t\t\t\t<\/div>\r\n\t\t<div class=\"elementor-element elementor-element-5ae5e01 e-flex e-con-boxed pxl-column-none pxl-row-scroll-none pxl-zoom-point-false pxl-section-overflow-visible pxl-section-fix-none pxl-full-content-with-space-none pxl-bg-color-none pxl-section-overlay-none e-con e-parent\" data-id=\"5ae5e01\" data-element_type=\"container\" data-e-type=\"container\">\t\t\t<div class=\"e-con-inner\">\r\n\t\t\t\t<div class=\"elementor-element elementor-element-86c9e26 elementor-widget elementor-widget-image-gallery\" data-id=\"86c9e26\" data-element_type=\"widget\" data-e-type=\"widget\" data-widget_type=\"image-gallery.default\">\n\t\t\t\t\t\t\t<div class=\"elementor-image-gallery\">\n\t\t\t\n\t\t<style type=\"text\/css\">\n\t\t\t#gallery-1 {\n\t\t\t\tmargin: auto;\n\t\t\t}\n\t\t\t#gallery-1 .gallery-item {\n\t\t\t\tfloat: left;\n\t\t\t\tmargin-top: 10px;\n\t\t\t\ttext-align: center;\n\t\t\t\twidth: 10%;\n\t\t\t}\n\t\t\t#gallery-1 img {\n\t\t\t\tborder: 2px solid #cfcfcf;\n\t\t\t}\n\t\t\t#gallery-1 .gallery-caption {\n\t\t\t\tmargin-left: 0;\n\t\t\t}\n\t\t\t\/* see gallery_shortcode() in wp-includes\/media.php *\/\n\t\t<\/style>\n\t\t<div id='gallery-1' class='gallery galleryid-1084 gallery-columns-10 gallery-size-full'><dl class='gallery-item'>\n\t\t\t<dt class='gallery-icon landscape'>\n\t\t\t\t<a data-elementor-open-lightbox=\"yes\" data-elementor-lightbox-slideshow=\"86c9e26\" data-elementor-lightbox-title=\"image001\" data-e-action-hash=\"#elementor-action%3Aaction%3Dlightbox%26settings%3DeyJpZCI6MTI1NTksInVybCI6Imh0dHBzOlwvXC9mbGFuc3ZhbmFyZWtvcmNvbnRhc2kuY29tXC93cC1jb250ZW50XC91cGxvYWRzXC8yMDI2XC8wMVwvaW1hZ2UwMDEucG5nIiwic2xpZGVzaG93IjoiODZjOWUyNiJ9\" href='https:\/\/flansvanarekorcontasi.com\/wp-content\/uploads\/2026\/01\/image001.png'><img decoding=\"async\" width=\"137\" height=\"70\" src=\"https:\/\/flansvanarekorcontasi.com\/wp-content\/uploads\/2026\/01\/image001.png\" class=\"attachment-full size-full\" alt=\"\" srcset=\"https:\/\/flansvanarekorcontasi.com\/wp-content\/uploads\/2026\/01\/image001.png 137w, https:\/\/flansvanarekorcontasi.com\/wp-content\/uploads\/2026\/01\/image001-18x9.png 18w\" sizes=\"(max-width: 137px) 100vw, 137px\" \/><\/a>\n\t\t\t<\/dt><\/dl><dl class='gallery-item'>\n\t\t\t<dt class='gallery-icon landscape'>\n\t\t\t\t<a data-elementor-open-lightbox=\"yes\" data-elementor-lightbox-slideshow=\"86c9e26\" data-elementor-lightbox-title=\"image002\" data-e-action-hash=\"#elementor-action%3Aaction%3Dlightbox%26settings%3DeyJpZCI6MTI1NjAsInVybCI6Imh0dHBzOlwvXC9mbGFuc3ZhbmFyZWtvcmNvbnRhc2kuY29tXC93cC1jb250ZW50XC91cGxvYWRzXC8yMDI2XC8wMVwvaW1hZ2UwMDIucG5nIiwic2xpZGVzaG93IjoiODZjOWUyNiJ9\" href='https:\/\/flansvanarekorcontasi.com\/wp-content\/uploads\/2026\/01\/image002.png'><img decoding=\"async\" width=\"142\" height=\"46\" src=\"https:\/\/flansvanarekorcontasi.com\/wp-content\/uploads\/2026\/01\/image002.png\" class=\"attachment-full size-full\" alt=\"\" srcset=\"https:\/\/flansvanarekorcontasi.com\/wp-content\/uploads\/2026\/01\/image002.png 142w, https:\/\/flansvanarekorcontasi.com\/wp-content\/uploads\/2026\/01\/image002-18x6.png 18w\" sizes=\"(max-width: 142px) 100vw, 142px\" \/><\/a>\n\t\t\t<\/dt><\/dl><dl class='gallery-item'>\n\t\t\t<dt class='gallery-icon landscape'>\n\t\t\t\t<a data-elementor-open-lightbox=\"yes\" data-elementor-lightbox-slideshow=\"86c9e26\" data-elementor-lightbox-title=\"image003\" data-e-action-hash=\"#elementor-action%3Aaction%3Dlightbox%26settings%3DeyJpZCI6MTI1NjIsInVybCI6Imh0dHBzOlwvXC9mbGFuc3ZhbmFyZWtvcmNvbnRhc2kuY29tXC93cC1jb250ZW50XC91cGxvYWRzXC8yMDI2XC8wMVwvaW1hZ2UwMDMucG5nIiwic2xpZGVzaG93IjoiODZjOWUyNiJ9\" href='https:\/\/flansvanarekorcontasi.com\/wp-content\/uploads\/2026\/01\/image003.png'><img loading=\"lazy\" decoding=\"async\" width=\"122\" height=\"42\" src=\"https:\/\/flansvanarekorcontasi.com\/wp-content\/uploads\/2026\/01\/image003.png\" class=\"attachment-full size-full\" alt=\"\" srcset=\"https:\/\/flansvanarekorcontasi.com\/wp-content\/uploads\/2026\/01\/image003.png 122w, https:\/\/flansvanarekorcontasi.com\/wp-content\/uploads\/2026\/01\/image003-18x6.png 18w\" sizes=\"(max-width: 122px) 100vw, 122px\" \/><\/a>\n\t\t\t<\/dt><\/dl><dl class='gallery-item'>\n\t\t\t<dt class='gallery-icon landscape'>\n\t\t\t\t<a data-elementor-open-lightbox=\"yes\" data-elementor-lightbox-slideshow=\"86c9e26\" data-elementor-lightbox-title=\"image004\" data-e-action-hash=\"#elementor-action%3Aaction%3Dlightbox%26settings%3DeyJpZCI6MTI1NjMsInVybCI6Imh0dHBzOlwvXC9mbGFuc3ZhbmFyZWtvcmNvbnRhc2kuY29tXC93cC1jb250ZW50XC91cGxvYWRzXC8yMDI2XC8wMVwvaW1hZ2UwMDQucG5nIiwic2xpZGVzaG93IjoiODZjOWUyNiJ9\" href='https:\/\/flansvanarekorcontasi.com\/wp-content\/uploads\/2026\/01\/image004.png'><img loading=\"lazy\" decoding=\"async\" width=\"194\" height=\"32\" src=\"https:\/\/flansvanarekorcontasi.com\/wp-content\/uploads\/2026\/01\/image004.png\" class=\"attachment-full size-full\" alt=\"\" srcset=\"https:\/\/flansvanarekorcontasi.com\/wp-content\/uploads\/2026\/01\/image004.png 194w, https:\/\/flansvanarekorcontasi.com\/wp-content\/uploads\/2026\/01\/image004-18x3.png 18w\" sizes=\"(max-width: 194px) 100vw, 194px\" \/><\/a>\n\t\t\t<\/dt><\/dl><dl class='gallery-item'>\n\t\t\t<dt class='gallery-icon landscape'>\n\t\t\t\t<a data-elementor-open-lightbox=\"yes\" data-elementor-lightbox-slideshow=\"86c9e26\" data-elementor-lightbox-title=\"image005\" data-e-action-hash=\"#elementor-action%3Aaction%3Dlightbox%26settings%3DeyJpZCI6MTI1NjQsInVybCI6Imh0dHBzOlwvXC9mbGFuc3ZhbmFyZWtvcmNvbnRhc2kuY29tXC93cC1jb250ZW50XC91cGxvYWRzXC8yMDI2XC8wMVwvaW1hZ2UwMDUucG5nIiwic2xpZGVzaG93IjoiODZjOWUyNiJ9\" href='https:\/\/flansvanarekorcontasi.com\/wp-content\/uploads\/2026\/01\/image005.png'><img loading=\"lazy\" decoding=\"async\" width=\"217\" height=\"36\" src=\"https:\/\/flansvanarekorcontasi.com\/wp-content\/uploads\/2026\/01\/image005.png\" class=\"attachment-full size-full\" alt=\"\" srcset=\"https:\/\/flansvanarekorcontasi.com\/wp-content\/uploads\/2026\/01\/image005.png 217w, https:\/\/flansvanarekorcontasi.com\/wp-content\/uploads\/2026\/01\/image005-18x3.png 18w\" sizes=\"(max-width: 217px) 100vw, 217px\" \/><\/a>\n\t\t\t<\/dt><\/dl><dl class='gallery-item'>\n\t\t\t<dt class='gallery-icon landscape'>\n\t\t\t\t<a data-elementor-open-lightbox=\"yes\" data-elementor-lightbox-slideshow=\"86c9e26\" data-elementor-lightbox-title=\"image006\" data-e-action-hash=\"#elementor-action%3Aaction%3Dlightbox%26settings%3DeyJpZCI6MTI1NjUsInVybCI6Imh0dHBzOlwvXC9mbGFuc3ZhbmFyZWtvcmNvbnRhc2kuY29tXC93cC1jb250ZW50XC91cGxvYWRzXC8yMDI2XC8wMVwvaW1hZ2UwMDYuanBnIiwic2xpZGVzaG93IjoiODZjOWUyNiJ9\" href='https:\/\/flansvanarekorcontasi.com\/wp-content\/uploads\/2026\/01\/image006.jpg'><img loading=\"lazy\" decoding=\"async\" width=\"75\" height=\"46\" src=\"https:\/\/flansvanarekorcontasi.com\/wp-content\/uploads\/2026\/01\/image006.jpg\" class=\"attachment-full size-full\" alt=\"\" srcset=\"https:\/\/flansvanarekorcontasi.com\/wp-content\/uploads\/2026\/01\/image006.jpg 75w, https:\/\/flansvanarekorcontasi.com\/wp-content\/uploads\/2026\/01\/image006-18x12.jpg 18w\" sizes=\"(max-width: 75px) 100vw, 75px\" \/><\/a>\n\t\t\t<\/dt><\/dl><dl class='gallery-item'>\n\t\t\t<dt class='gallery-icon portrait'>\n\t\t\t\t<a data-elementor-open-lightbox=\"yes\" data-elementor-lightbox-slideshow=\"86c9e26\" data-elementor-lightbox-title=\"image007\" data-e-action-hash=\"#elementor-action%3Aaction%3Dlightbox%26settings%3DeyJpZCI6MTI1NjYsInVybCI6Imh0dHBzOlwvXC9mbGFuc3ZhbmFyZWtvcmNvbnRhc2kuY29tXC93cC1jb250ZW50XC91cGxvYWRzXC8yMDI2XC8wMVwvaW1hZ2UwMDcucG5nIiwic2xpZGVzaG93IjoiODZjOWUyNiJ9\" href='https:\/\/flansvanarekorcontasi.com\/wp-content\/uploads\/2026\/01\/image007.png'><img loading=\"lazy\" decoding=\"async\" width=\"74\" height=\"77\" src=\"https:\/\/flansvanarekorcontasi.com\/wp-content\/uploads\/2026\/01\/image007.png\" class=\"attachment-full size-full\" alt=\"\" srcset=\"https:\/\/flansvanarekorcontasi.com\/wp-content\/uploads\/2026\/01\/image007.png 74w, https:\/\/flansvanarekorcontasi.com\/wp-content\/uploads\/2026\/01\/image007-12x12.png 12w\" sizes=\"(max-width: 74px) 100vw, 74px\" \/><\/a>\n\t\t\t<\/dt><\/dl><dl class='gallery-item'>\n\t\t\t<dt class='gallery-icon portrait'>\n\t\t\t\t<a data-elementor-open-lightbox=\"yes\" data-elementor-lightbox-slideshow=\"86c9e26\" data-elementor-lightbox-title=\"image008\" data-e-action-hash=\"#elementor-action%3Aaction%3Dlightbox%26settings%3DeyJpZCI6MTI1NjcsInVybCI6Imh0dHBzOlwvXC9mbGFuc3ZhbmFyZWtvcmNvbnRhc2kuY29tXC93cC1jb250ZW50XC91cGxvYWRzXC8yMDI2XC8wMVwvaW1hZ2UwMDguanBnIiwic2xpZGVzaG93IjoiODZjOWUyNiJ9\" href='https:\/\/flansvanarekorcontasi.com\/wp-content\/uploads\/2026\/01\/image008.jpg'><img loading=\"lazy\" decoding=\"async\" width=\"78\" height=\"89\" src=\"https:\/\/flansvanarekorcontasi.com\/wp-content\/uploads\/2026\/01\/image008.jpg\" class=\"attachment-full size-full\" alt=\"\" srcset=\"https:\/\/flansvanarekorcontasi.com\/wp-content\/uploads\/2026\/01\/image008.jpg 78w, https:\/\/flansvanarekorcontasi.com\/wp-content\/uploads\/2026\/01\/image008-11x12.jpg 11w\" sizes=\"(max-width: 78px) 100vw, 78px\" \/><\/a>\n\t\t\t<\/dt><\/dl><dl class='gallery-item'>\n\t\t\t<dt class='gallery-icon landscape'>\n\t\t\t\t<a data-elementor-open-lightbox=\"yes\" data-elementor-lightbox-slideshow=\"86c9e26\" data-elementor-lightbox-title=\"image009\" data-e-action-hash=\"#elementor-action%3Aaction%3Dlightbox%26settings%3DeyJpZCI6MTI1NjgsInVybCI6Imh0dHBzOlwvXC9mbGFuc3ZhbmFyZWtvcmNvbnRhc2kuY29tXC93cC1jb250ZW50XC91cGxvYWRzXC8yMDI2XC8wMVwvaW1hZ2UwMDkucG5nIiwic2xpZGVzaG93IjoiODZjOWUyNiJ9\" href='https:\/\/flansvanarekorcontasi.com\/wp-content\/uploads\/2026\/01\/image009.png'><img loading=\"lazy\" decoding=\"async\" width=\"102\" height=\"98\" src=\"https:\/\/flansvanarekorcontasi.com\/wp-content\/uploads\/2026\/01\/image009.png\" class=\"attachment-full size-full\" alt=\"\" srcset=\"https:\/\/flansvanarekorcontasi.com\/wp-content\/uploads\/2026\/01\/image009.png 102w, https:\/\/flansvanarekorcontasi.com\/wp-content\/uploads\/2026\/01\/image009-12x12.png 12w\" sizes=\"(max-width: 102px) 100vw, 102px\" \/><\/a>\n\t\t\t<\/dt><\/dl><dl class='gallery-item'>\n\t\t\t<dt class='gallery-icon landscape'>\n\t\t\t\t<a data-elementor-open-lightbox=\"yes\" data-elementor-lightbox-slideshow=\"86c9e26\" data-elementor-lightbox-title=\"image010\" data-e-action-hash=\"#elementor-action%3Aaction%3Dlightbox%26settings%3DeyJpZCI6MTI1NjksInVybCI6Imh0dHBzOlwvXC9mbGFuc3ZhbmFyZWtvcmNvbnRhc2kuY29tXC93cC1jb250ZW50XC91cGxvYWRzXC8yMDI2XC8wMVwvaW1hZ2UwMTAucG5nIiwic2xpZGVzaG93IjoiODZjOWUyNiJ9\" href='https:\/\/flansvanarekorcontasi.com\/wp-content\/uploads\/2026\/01\/image010.png'><img loading=\"lazy\" decoding=\"async\" width=\"150\" height=\"56\" src=\"https:\/\/flansvanarekorcontasi.com\/wp-content\/uploads\/2026\/01\/image010.png\" class=\"attachment-full size-full\" alt=\"\" srcset=\"https:\/\/flansvanarekorcontasi.com\/wp-content\/uploads\/2026\/01\/image010.png 150w, https:\/\/flansvanarekorcontasi.com\/wp-content\/uploads\/2026\/01\/image010-18x7.png 18w\" sizes=\"(max-width: 150px) 100vw, 150px\" \/><\/a>\n\t\t\t<\/dt><\/dl><br style=\"clear: both\" \/>\n\t\t<\/div>\n\t\t<\/div>\n\t\t\t\t\t\t<\/div>\n\t\t\t\t\t<\/div>\r\n\t\t\t\t<\/div>\r\n\t\t\t\t<\/div>","protected":false},"excerpt":{"rendered":"<p>B\u0130Z K\u0130M\u0130Z Kaliteli Malzeme ve Hizmet 2010 y\u0131l\u0131nda kurulmu\u015f olan firmam\u0131z klingrit levha \u00fcr\u00fcnlerinin ithalat\u0131n\u0131 ve sat\u0131\u015f\u0131n\u0131 yapmaktad\u0131r. Kurulu\u015fundan bug\u00fcne kadar, g\u00fcvenilirli\u011fi ve kalitesi a\u00e7\u0131s\u0131ndan sekt\u00f6r\u00fcnde \u00f6nc\u00fc kurulu\u015flar aras\u0131nda yer alm\u0131\u015f ve hem kendisini hem de sekt\u00f6r\u00fc daha ileriye ta\u015f\u0131ma noktas\u0131nda \u00f6nemli ad\u0131mlar atm\u0131\u015ft\u0131r. En \u00f6nemli vizyonumuz geli\u015fen ve uluslararas\u0131 alanda s\u00f6z sahibi olmaya \u00e7al\u0131\u015fan [&hellip;]<\/p>","protected":false},"author":1,"featured_media":0,"parent":0,"menu_order":0,"comment_status":"closed","ping_status":"closed","template":"","meta":{"footnotes":""},"class_list":["post-1084","page","type-page","status-publish","hentry"],"_links":{"self":[{"href":"https:\/\/flansvanarekorcontasi.com\/en\/wp-json\/wp\/v2\/pages\/1084","targetHints":{"allow":["GET"]}}],"collection":[{"href":"https:\/\/flansvanarekorcontasi.com\/en\/wp-json\/wp\/v2\/pages"}],"about":[{"href":"https:\/\/flansvanarekorcontasi.com\/en\/wp-json\/wp\/v2\/types\/page"}],"author":[{"embeddable":true,"href":"https:\/\/flansvanarekorcontasi.com\/en\/wp-json\/wp\/v2\/users\/1"}],"replies":[{"embeddable":true,"href":"https:\/\/flansvanarekorcontasi.com\/en\/wp-json\/wp\/v2\/comments?post=1084"}],"version-history":[{"count":62,"href":"https:\/\/flansvanarekorcontasi.com\/en\/wp-json\/wp\/v2\/pages\/1084\/revisions"}],"predecessor-version":[{"id":12654,"href":"https:\/\/flansvanarekorcontasi.com\/en\/wp-json\/wp\/v2\/pages\/1084\/revisions\/12654"}],"wp:attachment":[{"href":"https:\/\/flansvanarekorcontasi.com\/en\/wp-json\/wp\/v2\/media?parent=1084"}],"curies":[{"name":"wp","href":"https:\/\/api.w.org\/{rel}","templated":true}]}}